{"id":738,"date":"2017-06-12T10:48:11","date_gmt":"2017-06-12T10:48:11","guid":{"rendered":"http:\/\/aphotoreporter.com\/?page_id=738"},"modified":"2021-06-09T17:27:49","modified_gmt":"2021-06-09T17:27:49","slug":"ediciones-anteriores","status":"publish","type":"page","link":"https:\/\/aphotoreporter.com\/?page_id=738","title":{"rendered":"<!--:es-->Ediciones anteriores<!--:--><!--:en-->Previous editions<!--:-->"},"content":{"rendered":"\n<p>Este certamen naci\u00f3 con la vocaci\u00f3n de fomentar la producci\u00f3n de fotograf\u00eda documental, especialmente los reportajes con contenido informativo y de relevancia humana.<br>En esta 5\u00aa Bienal Aphotoreporter se propone, aparte de tratar las tem\u00e1ticas habituales del fotoreportaje (temas sociales, culturales o deportivos), una secci\u00f3n especial dedicada a la pandemia mundial provocada por la Covid-19.<br>Nuestra intenci\u00f3n es poder ver reflejado en im\u00e1genes todo lo que, desde inicios del 2020, est\u00e1 poniendo a prueba al ser humano\u2026 y c\u00f3mo cada uno de nosotros est\u00e1 afrontando esta dura situaci\u00f3n, que nos afecta a todos los niveles.<br>Nuestra llamada est\u00e1 abierta a participantes de todo el mundo, para que puedan mostrar desde sus diferentes pa\u00edses c\u00f3mo han vivido esta pandemia mundial.<br>Desde Aphotoreporter les queremos brindar todo el reconocimiento y todo el apoyo, para que tengan la difusi\u00f3n que se merecen.<\/p>\n\n\n\n<p><em>This competition was created with the aim of promoting the production of documentary photography, especially reports with informative content and human relevance.<\/em><br><em>In this 5th Biennial, Aphotoreporter proposes, in addition to the usual themes of photojournalism (social, cultural, or sporting themes), a special section dedicated to the global pandemic caused by COVID-19.<\/em><br><em>Our intention is to be able to see reflected in images, everything that since the beginning of 2020, is testing the human being and how each one of us is facing this hard situation that affects us at all levels.<\/em><br><em>Our call is open to participants from all over the world, so that they can show from their different countries, how they have experienced this global pandemic.<\/em><br><em>Aphotoreporter would like to give them all the recognition and support, so that they get the publicity they deserve.<\/em><\/p>\n","protected":false},"excerpt":{"rendered":"<p>Este certamen naci\u00f3 con la vocaci\u00f3n de fomentar la producci\u00f3n de fotograf\u00eda documental, especialmente los reportajes con contenido informativo y de relevancia humana.En esta 5\u00aa Bienal Aphotoreporter se propone, aparte [&hellip;]<\/p>\n","protected":false},"author":1,"featured_media":0,"parent":0,"menu_order":4,"comment_status":"closed","ping_status":"closed","template":"page_fullwidth.php","meta":{"ngg_post_thumbnail":0,"footnotes":""},"_links":{"self":[{"href":"https:\/\/aphotoreporter.com\/index.php?rest_route=\/wp\/v2\/pages\/738"}],"collection":[{"href":"https:\/\/aphotoreporter.com\/index.php?rest_route=\/wp\/v2\/pages"}],"about":[{"href":"https:\/\/aphotoreporter.com\/index.php?rest_route=\/wp\/v2\/types\/page"}],"author":[{"embeddable":true,"href":"https:\/\/aphotoreporter.com\/index.php?rest_route=\/wp\/v2\/users\/1"}],"replies":[{"embeddable":true,"href":"https:\/\/aphotoreporter.com\/index.php?rest_route=%2Fwp%2Fv2%2Fcomments&post=738"}],"version-history":[{"count":4,"href":"https:\/\/aphotoreporter.com\/index.php?rest_route=\/wp\/v2\/pages\/738\/revisions"}],"predecessor-version":[{"id":1061,"href":"https:\/\/aphotoreporter.com\/index.php?rest_route=\/wp\/v2\/pages\/738\/revisions\/1061"}],"wp:attachment":[{"href":"https:\/\/aphotoreporter.com\/index.php?rest_route=%2Fwp%2Fv2%2Fmedia&parent=738"}],"curies":[{"name":"wp","href":"https:\/\/api.w.org\/{rel}","templated":true}]}}