{"id":578,"date":"2015-05-25T10:50:52","date_gmt":"2015-05-25T10:50:52","guid":{"rendered":"http:\/\/aphotoreporter.com\/?page_id=578"},"modified":"2015-05-26T15:41:58","modified_gmt":"2015-05-26T15:41:58","slug":"series-ganadoras","status":"publish","type":"page","link":"https:\/\/aphotoreporter.com\/?page_id=578","title":{"rendered":"<!--:es-->Series premiadas<!--:--><!--:en-->Winning series<!--:--><!--:CA-->Series premiades<!--:--><!--:fr-->S\u00e9rie gagnante<!--:-->"},"content":{"rendered":"<p><!--:es-->Fiap Golden Medal &#8211;\u00a0Javier Arcenillas &#8211; SPAIN<br \/>\nngg_shortcode_0_placeholder<\/p>\n<p>Fiap Silvered Medal &#8211;\u00a0Changshu Wang &#8211; CHINA<br \/>\nngg_shortcode_1_placeholder<\/p>\n<p>Fiap Bronzed Medal &#8211;\u00a0Arturo Ramos Guerrero &#8211; MEXICO<br \/>\nngg_shortcode_2_placeholder<\/p>\n<p>CEF Golden Medal\u00a0Mohammed ALSHAIKH &#8211; BAHRAIN<br \/>\nngg_shortcode_3_placeholder<\/p>\n<p>CEF Silvered Medal &#8211;\u00a0S.Baqer Alkamel &#8211; BAHRAIN<br \/>\nngg_shortcode_4_placeholder<\/p>\n<p>CEF Bronzed Medal &#8211;\u00a0Jakub Filip Ochnio &#8211; POLAND<br \/>\nngg_shortcode_5_placeholder<\/p>\n<p>FCF Golden Medal &#8211;\u00a0Joan Manuel VERA ORTIZ &#8211; ESPA\u00d1A<br \/>\nngg_shortcode_6_placeholder<\/p>\n<p>AFOCER Medal &#8211;\u00a0Mazuhful Hasan RANA &#8211; BANGLADESH<br \/>\nngg_shortcode_7_placeholder<\/p>\n<p>Fiap Honour Mention &#8211;\u00a0Md. Akhlas Uddin &#8211; BANGLADESH<br \/>\nngg_shortcode_8_placeholder<\/p>\n<p>Fiap Honour Mention &#8211;\u00a0Joydeep MUKHERJEE &#8211; INDIA<br \/>\nngg_shortcode_9_placeholder<\/p>\n<p>Fiap Honour Mention &#8211;\u00a0Joan MIM\u00f3 BAY\u00f3 &#8211; ESPA\u00d1A<br \/>\nngg_shortcode_10_placeholder<\/p>\n<p>Fiap Honour Mention &#8211;\u00a0Antonio ARAGON RENUNCIO &#8211; ESPA\u00d1A<br \/>\nngg_shortcode_11_placeholder<\/p>\n<p>ISF Certificate &#8211;\u00a0Mehmet Gokyigit &#8211; CYPRUS<br \/>\nngg_shortcode_12_placeholder<\/p>\n<p>ISF Certificate &#8211;\u00a0FRANCESCA SALICE &#8211; ITALY<br \/>\nngg_shortcode_13_placeholder<\/p>\n<p>ISF Certificate &#8211;\u00a0Buket OZATAY &#8211; CYPRUS<br \/>\nngg_shortcode_14_placeholder<!--:--><\/p>\n","protected":false},"excerpt":{"rendered":"<p>Fiap Golden Medal &#8211;\u00a0Javier Arcenillas &#8211; SPAIN Fiap Silvered Medal &#8211;\u00a0Changshu Wang &#8211; CHINA Fiap Bronzed Medal &#8211;\u00a0Arturo Ramos Guerrero &#8211; MEXICO CEF Golden Medal\u00a0Mohammed ALSHAIKH &#8211; BAHRAIN CEF Silvered [&hellip;]<\/p>\n","protected":false},"author":1,"featured_media":0,"parent":463,"menu_order":3,"comment_status":"closed","ping_status":"closed","template":"","meta":{"ngg_post_thumbnail":0,"footnotes":""},"_links":{"self":[{"href":"https:\/\/aphotoreporter.com\/index.php?rest_route=\/wp\/v2\/pages\/578"}],"collection":[{"href":"https:\/\/aphotoreporter.com\/index.php?rest_route=\/wp\/v2\/pages"}],"about":[{"href":"https:\/\/aphotoreporter.com\/index.php?rest_route=\/wp\/v2\/types\/page"}],"author":[{"embeddable":true,"href":"https:\/\/aphotoreporter.com\/index.php?rest_route=\/wp\/v2\/users\/1"}],"replies":[{"embeddable":true,"href":"https:\/\/aphotoreporter.com\/index.php?rest_route=%2Fwp%2Fv2%2Fcomments&post=578"}],"version-history":[{"count":17,"href":"https:\/\/aphotoreporter.com\/index.php?rest_route=\/wp\/v2\/pages\/578\/revisions"}],"predecessor-version":[{"id":581,"href":"https:\/\/aphotoreporter.com\/index.php?rest_route=\/wp\/v2\/pages\/578\/revisions\/581"}],"up":[{"embeddable":true,"href":"https:\/\/aphotoreporter.com\/index.php?rest_route=\/wp\/v2\/pages\/463"}],"wp:attachment":[{"href":"https:\/\/aphotoreporter.com\/index.php?rest_route=%2Fwp%2Fv2%2Fmedia&parent=578"}],"curies":[{"name":"wp","href":"https:\/\/api.w.org\/{rel}","templated":true}]}}