{"id":2,"date":"2013-06-19T20:42:21","date_gmt":"2013-06-19T20:42:21","guid":{"rendered":"http:\/\/aphotoreporter.com\/?page_id=2"},"modified":"2025-07-10T19:58:16","modified_gmt":"2025-07-10T19:58:16","slug":"sample-page","status":"publish","type":"page","link":"https:\/\/aphotoreporter.com\/","title":{"rendered":"Bienvenidos\/Welcome"},"content":{"rendered":"<div class=\"wp-block-image\">\n<figure class=\"aligncenter size-full\"><a href=\"https:\/\/aphotoreporter.com\/wp-content\/uploads\/2025\/02\/1010x136_2.jpg\"><img loading=\"lazy\" decoding=\"async\" width=\"1010\" height=\"136\" src=\"https:\/\/aphotoreporter.com\/wp-content\/uploads\/2025\/02\/1010x136_2.jpg\" alt=\"\" class=\"wp-image-1246\" srcset=\"https:\/\/aphotoreporter.com\/wp-content\/uploads\/2025\/02\/1010x136_2.jpg 1010w, https:\/\/aphotoreporter.com\/wp-content\/uploads\/2025\/02\/1010x136_2-300x40.jpg 300w, https:\/\/aphotoreporter.com\/wp-content\/uploads\/2025\/02\/1010x136_2-768x103.jpg 768w, https:\/\/aphotoreporter.com\/wp-content\/uploads\/2025\/02\/1010x136_2-750x101.jpg 750w, https:\/\/aphotoreporter.com\/wp-content\/uploads\/2025\/02\/1010x136_2-400x54.jpg 400w, https:\/\/aphotoreporter.com\/wp-content\/uploads\/2025\/02\/1010x136_2-430x58.jpg 430w, https:\/\/aphotoreporter.com\/wp-content\/uploads\/2025\/02\/1010x136_2-150x20.jpg 150w, https:\/\/aphotoreporter.com\/wp-content\/uploads\/2025\/02\/1010x136_2-100x13.jpg 100w\" sizes=\"(max-width: 1010px) 100vw, 1010px\" \/><\/a><\/figure><\/div>\n\n\n<p><strong>\u00bfTu c\u00e1mara es tu herramienta para contar historias ? \u00a1Entonces, este concurso es para ti!<\/strong> <br>\u00c9s la teva c\u00e0mera l&#8217;eina per explicar hist\u00f2ries ? Aleshores, aquest concurs \u00e9s per a tu!<br><em>Is your camera your tool for telling stories? Then this contest is for you!<\/em><\/p>\n\n\n\n<hr class=\"wp-block-separator has-alpha-channel-opacity\"\/>\n\n\n\n<p><a href=\"https:\/\/aphotoreporter.com\/?page_id=1306\">Prize Gallery \u2013 Galer\u00eda de premiados<\/a> <\/p>\n\n\n\n<p><a href=\"https:\/\/aphotoreporter.com\/?page_id=1318\">Finalist Works \u2013 Obras finalistas\/aceptadas<\/a><\/p>\n\n\n\n<p><a href=\"https:\/\/aphotoreporter.com\/?page_id=1322\">Accepted list works \u2013 Lista de obras aceptadas<\/a><\/p>\n\n\n\n<figure class=\"wp-block-image size-large\"><a href=\"https:\/\/aphotoreporter.com\/wp-content\/uploads\/2025\/07\/514803.jpg\"><img loading=\"lazy\" decoding=\"async\" width=\"1024\" height=\"683\" src=\"https:\/\/aphotoreporter.com\/wp-content\/uploads\/2025\/07\/514803-1024x683.jpg\" alt=\"\" class=\"wp-image-1332\" srcset=\"https:\/\/aphotoreporter.com\/wp-content\/uploads\/2025\/07\/514803-1024x683.jpg 1024w, https:\/\/aphotoreporter.com\/wp-content\/uploads\/2025\/07\/514803-300x200.jpg 300w, https:\/\/aphotoreporter.com\/wp-content\/uploads\/2025\/07\/514803-768x512.jpg 768w, https:\/\/aphotoreporter.com\/wp-content\/uploads\/2025\/07\/514803-1536x1024.jpg 1536w, https:\/\/aphotoreporter.com\/wp-content\/uploads\/2025\/07\/514803-2048x1365.jpg 2048w, https:\/\/aphotoreporter.com\/wp-content\/uploads\/2025\/07\/514803-750x500.jpg 750w, https:\/\/aphotoreporter.com\/wp-content\/uploads\/2025\/07\/514803-400x267.jpg 400w, https:\/\/aphotoreporter.com\/wp-content\/uploads\/2025\/07\/514803-430x287.jpg 430w, https:\/\/aphotoreporter.com\/wp-content\/uploads\/2025\/07\/514803-150x100.jpg 150w, https:\/\/aphotoreporter.com\/wp-content\/uploads\/2025\/07\/514803-100x67.jpg 100w\" sizes=\"(max-width: 1024px) 100vw, 1024px\" \/><\/a><figcaption class=\"wp-element-caption\">Ni\u00f1os con problemas de movilidad y otros tipos de patologias conviven en el Centro Religioso de Saint Louis Orione en la localidad de Bombouaka en el extremo norte de Togo. Joaqu\u00edn G\u00d3MEZ SASTRE &#8211; ESPA\u00d1A<\/figcaption><\/figure>\n\n\n\n<div class=\"wp-block-columns is-layout-flex wp-container-core-columns-is-layout-1 wp-block-columns-is-layout-flex\">\n<div class=\"wp-block-column is-vertically-aligned-stretch is-layout-flow wp-block-column-is-layout-flow\" style=\"flex-basis:100%\"><\/div>\n<\/div>\n\n\n\n<hr class=\"wp-block-separator has-alpha-channel-opacity\"\/>\n\n\n<div class=\"wp-block-image\">\n<figure class=\"aligncenter size-full is-resized\"><a href=\"https:\/\/aphotoreporter.com\/wp-content\/uploads\/2025\/02\/peu-web.jpg\"><img loading=\"lazy\" decoding=\"async\" width=\"800\" height=\"147\" src=\"https:\/\/aphotoreporter.com\/wp-content\/uploads\/2025\/02\/peu-web.jpg\" alt=\"\" class=\"wp-image-1249\" style=\"width:489px;height:auto\" srcset=\"https:\/\/aphotoreporter.com\/wp-content\/uploads\/2025\/02\/peu-web.jpg 800w, https:\/\/aphotoreporter.com\/wp-content\/uploads\/2025\/02\/peu-web-300x55.jpg 300w, https:\/\/aphotoreporter.com\/wp-content\/uploads\/2025\/02\/peu-web-768x141.jpg 768w, https:\/\/aphotoreporter.com\/wp-content\/uploads\/2025\/02\/peu-web-750x138.jpg 750w, https:\/\/aphotoreporter.com\/wp-content\/uploads\/2025\/02\/peu-web-400x74.jpg 400w, https:\/\/aphotoreporter.com\/wp-content\/uploads\/2025\/02\/peu-web-430x79.jpg 430w, https:\/\/aphotoreporter.com\/wp-content\/uploads\/2025\/02\/peu-web-150x28.jpg 150w, https:\/\/aphotoreporter.com\/wp-content\/uploads\/2025\/02\/peu-web-100x18.jpg 100w\" sizes=\"(max-width: 800px) 100vw, 800px\" \/><\/a><\/figure><\/div>\n\n\n<p><\/p>\n","protected":false},"excerpt":{"rendered":"<p>\u00bfTu c\u00e1mara es tu herramienta para contar historias ? \u00a1Entonces, este concurso es para ti! \u00c9s la teva c\u00e0mera l&#8217;eina per explicar hist\u00f2ries ? Aleshores, aquest concurs \u00e9s per a [&hellip;]<\/p>\n","protected":false},"author":1,"featured_media":0,"parent":0,"menu_order":1,"comment_status":"closed","ping_status":"closed","template":"page_fullwidth.php","meta":{"ngg_post_thumbnail":0,"footnotes":""},"_links":{"self":[{"href":"https:\/\/aphotoreporter.com\/index.php?rest_route=\/wp\/v2\/pages\/2"}],"collection":[{"href":"https:\/\/aphotoreporter.com\/index.php?rest_route=\/wp\/v2\/pages"}],"about":[{"href":"https:\/\/aphotoreporter.com\/index.php?rest_route=\/wp\/v2\/types\/page"}],"author":[{"embeddable":true,"href":"https:\/\/aphotoreporter.com\/index.php?rest_route=\/wp\/v2\/users\/1"}],"replies":[{"embeddable":true,"href":"https:\/\/aphotoreporter.com\/index.php?rest_route=%2Fwp%2Fv2%2Fcomments&post=2"}],"version-history":[{"count":308,"href":"https:\/\/aphotoreporter.com\/index.php?rest_route=\/wp\/v2\/pages\/2\/revisions"}],"predecessor-version":[{"id":1334,"href":"https:\/\/aphotoreporter.com\/index.php?rest_route=\/wp\/v2\/pages\/2\/revisions\/1334"}],"wp:attachment":[{"href":"https:\/\/aphotoreporter.com\/index.php?rest_route=%2Fwp%2Fv2%2Fmedia&parent=2"}],"curies":[{"name":"wp","href":"https:\/\/api.w.org\/{rel}","templated":true}]}}