{"id":18,"date":"2013-06-19T22:40:42","date_gmt":"2013-06-19T22:40:42","guid":{"rendered":"http:\/\/aphotoreporter.com\/?page_id=18"},"modified":"2026-03-11T17:30:46","modified_gmt":"2026-03-11T17:30:46","slug":"contact","status":"publish","type":"page","link":"https:\/\/aphotoreporter.com\/?page_id=18","title":{"rendered":"Contacto"},"content":{"rendered":"<p><!--:es-->Afocer &#8211; Agrupaci\u00f3 Foto-Cine Cerdanyola Ripollet<br \/>\nC\/ Industria, 38-40<br \/>\n08290 Cerdanyola del Vall\u00e8s<br \/>\nSPAIN<\/p>\n<p>Chairperson:<\/p>\n<p><em id=\"__mceDel\">M.Carmen Ben\u00edtez<br \/>\nconcursos@afocer.cat<br \/>\n<\/em>Afocer &#8211; Agrupaci\u00f3 Foto-Cine Cerdanyola Ripollet<br \/>\nC\/ Industria, 38-40<br \/>\n08290 Cerdanyola del Vall\u00e8s<br \/>\nSPAIN<\/p>\n<p>Chairperson:<br \/>\nJosep M. Requena Bosch<br \/>\n<em id=\"__mceDel\">concursos<\/em>@afocer.cat<br \/>\nAfocer &#8211; Agrupaci\u00f3 Foto-Cine Cerdanyola Ripollet<br \/>\nC\/ Industria, 38-40<br \/>\n08290 Cerdanyola del Vall\u00e8s<br \/>\nSPAIN<\/p>\n","protected":false},"excerpt":{"rendered":"<p>Afocer &#8211; Agrupaci\u00f3 Foto-Cine Cerdanyola Ripollet C\/ Industria, 38-40 08290 Cerdanyola del Vall\u00e8s SPAIN Chairperson: M.Carmen Ben\u00edtez concursos@afocer.cat Afocer &#8211; Agrupaci\u00f3 Foto-Cine Cerdanyola Ripollet C\/ Industria, 38-40 08290 Cerdanyola del [&hellip;]<\/p>\n","protected":false},"author":1,"featured_media":0,"parent":0,"menu_order":5,"comment_status":"closed","ping_status":"closed","template":"","meta":{"ngg_post_thumbnail":0,"footnotes":""},"_links":{"self":[{"href":"https:\/\/aphotoreporter.com\/index.php?rest_route=\/wp\/v2\/pages\/18"}],"collection":[{"href":"https:\/\/aphotoreporter.com\/index.php?rest_route=\/wp\/v2\/pages"}],"about":[{"href":"https:\/\/aphotoreporter.com\/index.php?rest_route=\/wp\/v2\/types\/page"}],"author":[{"embeddable":true,"href":"https:\/\/aphotoreporter.com\/index.php?rest_route=\/wp\/v2\/users\/1"}],"replies":[{"embeddable":true,"href":"https:\/\/aphotoreporter.com\/index.php?rest_route=%2Fwp%2Fv2%2Fcomments&post=18"}],"version-history":[{"count":11,"href":"https:\/\/aphotoreporter.com\/index.php?rest_route=\/wp\/v2\/pages\/18\/revisions"}],"predecessor-version":[{"id":1339,"href":"https:\/\/aphotoreporter.com\/index.php?rest_route=\/wp\/v2\/pages\/18\/revisions\/1339"}],"wp:attachment":[{"href":"https:\/\/aphotoreporter.com\/index.php?rest_route=%2Fwp%2Fv2%2Fmedia&parent=18"}],"curies":[{"name":"wp","href":"https:\/\/api.w.org\/{rel}","templated":true}]}}